{"id":2992,"date":"2017-12-12T16:06:41","date_gmt":"2017-12-12T16:06:41","guid":{"rendered":"https:\/\/scallent.com\/?page_id=2992"},"modified":"2022-02-19T22:09:26","modified_gmt":"2022-02-19T22:09:26","slug":"selection-process","status":"publish","type":"page","link":"https:\/\/scallent.com\/en\/selection-process\/","title":{"rendered":"Selection process"},"content":{"rendered":"<div class=\"wpb-content-wrapper\"><p>[vc_row el_id=&#8221;selecao&#8221;][vc_column][vc_row_inner el_class=&#8221;etapa-1&#8243;][vc_column_inner width=&#8221;2\/3&#8243;][vc_custom_heading text=&#8221;sele\u00e7\u00e3o&#8221; font_container=&#8221;tag:h5|font_size:145px|text_align:left|color:%23ededed|line_height:172px&#8221; use_theme_fonts=&#8221;yes&#8221; el_class=&#8221;selecao-title&#8221;][vc_single_image image=&#8221;2634&#8243; img_size=&#8221;full&#8221; alignment=&#8221;center&#8221;][\/vc_column_inner][vc_column_inner width=&#8221;1\/3&#8243;][vc_raw_html]PGRpdiBjbGFzcz0ibnVtYmVyIGZpcnN0Ij4xPC9kaXY+[\/vc_raw_html][vc_custom_heading text=&#8221;Recep\u00e7\u00e3o de Candidaturas&#8221; font_container=&#8221;tag:h5|font_size:22|text_align:center|color:%23474d54&#8243; use_theme_fonts=&#8221;yes&#8221;][vc_column_text]<\/p>\n<p style=\"text-align: center;\">Filtramos e categorizamos todas as candidaturas recebidas.<\/p>\n<p>[\/vc_column_text][\/vc_column_inner][\/vc_row_inner][vc_row_inner el_class=&#8221;etapa-1&#8243;][vc_column_inner width=&#8221;2\/3&#8243;][vc_single_image image=&#8221;2636&#8243; img_size=&#8221;full&#8221; alignment=&#8221;center&#8221;][\/vc_column_inner][vc_column_inner width=&#8221;1\/3&#8243;][vc_raw_html]PGRpdiBjbGFzcz0ibnVtYmVyIG1pZGRsZSI+MjwvZGl2Pg==[\/vc_raw_html][vc_custom_heading text=&#8221;Avalia\u00e7\u00e3ode Compet\u00eancias&#8221; font_container=&#8221;tag:h5|font_size:22|text_align:center|color:%23474d54&#8243; use_theme_fonts=&#8221;yes&#8221;][vc_column_text]<\/p>\n<p style=\"text-align: center;\">We vet and profile\u00a0potential talents, according to strict quality and demand parameters.<\/p>\n<p>[\/vc_column_text][\/vc_column_inner][\/vc_row_inner][vc_row_inner el_class=&#8221;etapa-1&#8243;][vc_column_inner width=&#8221;2\/3&#8243;][vc_single_image image=&#8221;2600&#8243; img_size=&#8221;full&#8221; alignment=&#8221;center&#8221;][\/vc_column_inner][vc_column_inner width=&#8221;1\/3&#8243;][vc_raw_html]PGRpdiBjbGFzcz0ibnVtYmVyIG1pZGRsZSI+MzwvZGl2Pg==[\/vc_raw_html][vc_custom_heading text=&#8221;Entrevista,avalia\u00e7\u00e3o de softskillse testes de aptid\u00e3o&#8221; font_container=&#8221;tag:h5|font_size:22|text_align:center|color:%23474d54&#8243; use_theme_fonts=&#8221;yes&#8221;][vc_column_text]<\/p>\n<p style=\"text-align: center;\">Entrevistamos o talento presencialmente ou por video confer\u00eancia, aferindo os seus conhecimentos t\u00e9cnicos atrav\u00e9s de testes de aptid\u00e3o e entrevista.<\/p>\n<p>[\/vc_column_text][\/vc_column_inner][\/vc_row_inner][vc_row_inner el_class=&#8221;etapa-1&#8243;][vc_column_inner width=&#8221;2\/3&#8243;][vc_single_image image=&#8221;2602&#8243; img_size=&#8221;full&#8221; alignment=&#8221;center&#8221;][vc_empty_space height=&#8221;100px&#8221;][\/vc_column_inner][vc_column_inner width=&#8221;1\/3&#8243;][vc_raw_html]PGRpdiBjbGFzcz0ibnVtYmVyIG1pZGRsZSI+NDwvZGl2Pg==[\/vc_raw_html][vc_custom_heading text=&#8221;Integra\u00e7\u00e3o na pool&#8221; font_container=&#8221;tag:h5|font_size:22|text_align:center|color:%23474d54&#8243; use_theme_fonts=&#8221;yes&#8221;][vc_column_text]<\/p>\n<p style=\"text-align: center;\">Comprovado o talento, o\/a candidato\/a \u00e9 integrado na nossa Pool, tornando-se eleg\u00edvel para trabalhar nos projetos de clientes Scallent.<\/p>\n<p>[\/vc_column_text][\/vc_column_inner][\/vc_row_inner][vc_row_inner el_class=&#8221;etapa-1&#8243;][vc_column_inner width=&#8221;2\/3&#8243;][vc_single_image image=&#8221;2696&#8243; img_size=&#8221;full&#8221; alignment=&#8221;center&#8221;][vc_empty_space height=&#8221;100px&#8221;][\/vc_column_inner][vc_column_inner width=&#8221;1\/3&#8243;][vc_raw_html]PGRpdiBjbGFzcz0ibnVtYmVyIGVuZCI+NTwvZGl2Pg==[\/vc_raw_html][vc_custom_heading text=&#8221;Avalia\u00e7\u00e3o cont\u00ednua&#8221; font_container=&#8221;tag:h5|font_size:22|text_align:center|color:%23474d54&#8243; use_theme_fonts=&#8221;yes&#8221;][vc_column_text]<\/p>\n<p style=\"text-align: center;\"><strong>Scallent rating:<\/strong> os nossos talentos s\u00e3o continuamente avaliados nas suas compet\u00eancias, soft skills e desempenho demonstrado nos projetos dos nossos clientes, por forma a manter a qualidade da pool.<\/p>\n<p style=\"text-align: center;\">Os talentos que cumprem consecutivamente os crit\u00e9rios de qualidade estabelecidos,\u00a0s\u00e3o distinguidos com o <strong>Scallent badge<\/strong>.<\/p>\n<p>[\/vc_column_text][\/vc_column_inner][\/vc_row_inner][\/vc_column][\/vc_row]<\/p>\n<\/div>","protected":false},"excerpt":{"rendered":"<p>[vc_row el_id=&#8221;selecao&#8221;][vc_column][vc_row_inner el_class=&#8221;etapa-1&#8243;][vc_column_inner width=&#8221;2\/3&#8243;][vc_custom_heading text=&#8221;sele\u00e7\u00e3o&#8221; font_container=&#8221;tag:h5|font_size:145px|text_align:left|color:%23ededed|line_height:172px&#8221; use_theme_fonts=&#8221;yes&#8221; el_class=&#8221;selecao-title&#8221;][vc_single_image image=&#8221;2634&#8243; img_size=&#8221;full&#8221; alignment=&#8221;center&#8221;][\/vc_column_inner][vc_column_inner width=&#8221;1\/3&#8243;][vc_raw_html]PGRpdiBjbGFzcz0ibnVtYmVyIGZpcnN0Ij4xPC9kaXY+[\/vc_raw_html][vc_custom_heading text=&#8221;Recep\u00e7\u00e3o de Candidaturas&#8221; font_container=&#8221;tag:h5|font_size:22|text_align:center|color:%23474d54&#8243; use_theme_fonts=&#8221;yes&#8221;][vc_column_text] Filtramos e categorizamos todas as candidaturas recebidas. [\/vc_column_text][\/vc_column_inner][\/vc_row_inner][vc_row_inner el_class=&#8221;etapa-1&#8243;][vc_column_inner width=&#8221;2\/3&#8243;][vc_single_image image=&#8221;2636&#8243; img_size=&#8221;full&#8221; alignment=&#8221;center&#8221;][\/vc_column_inner][vc_column_inner width=&#8221;1\/3&#8243;][vc_raw_html]PGRpdiBjbGFzcz0ibnVtYmVyIG1pZGRsZSI+MjwvZGl2Pg==[\/vc_raw_html][vc_custom_heading text=&#8221;Avalia\u00e7\u00e3ode Compet\u00eancias&#8221; font_container=&#8221;tag:h5|font_size:22|text_align:center|color:%23474d54&#8243; use_theme_fonts=&#8221;yes&#8221;][vc_column_text] We vet and profile\u00a0potential talents, according to strict quality and demand parameters. [\/vc_column_text][\/vc_column_inner][\/vc_row_inner][vc_row_inner el_class=&#8221;etapa-1&#8243;][vc_column_inner width=&#8221;2\/3&#8243;][vc_single_image image=&#8221;2600&#8243; img_size=&#8221;full&#8221; alignment=&#8221;center&#8221;][\/vc_column_inner][vc_column_inner width=&#8221;1\/3&#8243;][vc_raw_html]PGRpdiBjbGFzcz0ibnVtYmVyIG1pZGRsZSI+MzwvZGl2Pg==[\/vc_raw_html][vc_custom_heading text=&#8221;Entrevista,avalia\u00e7\u00e3o &hellip; <\/p>\n<p class=\"link-more\"><a href=\"https:\/\/scallent.com\/en\/selection-process\/\" class=\"more-link\">Continue reading<span class=\"screen-reader-text\"> &#8220;Selection process&#8221;<\/span><\/a><\/p>\n","protected":false},"author":1,"featured_media":0,"parent":0,"menu_order":0,"comment_status":"closed","ping_status":"closed","template":"page-fullpage.php","meta":{"_acf_changed":false,"footnotes":""},"class_list":["post-2992","page","type-page","status-publish","hentry"],"acf":[],"yoast_head":"<!-- This site is optimized with the Yoast SEO Premium plugin v21.4 (Yoast SEO v27.4) - https:\/\/yoast.com\/product\/yoast-seo-premium-wordpress\/ -->\n<title>Selection process - SCALLENT - Top Talent Freelancers<\/title>\n<meta name=\"description\" content=\"How does the talent selection process work at Scallent? Find out all about it here and apply or find the talent you are looking for.\" \/>\n<meta name=\"robots\" content=\"index, follow, max-snippet:-1, max-image-preview:large, max-video-preview:-1\" \/>\n<link rel=\"canonical\" href=\"https:\/\/scallent.com\/en\/selection-process\/\" \/>\n<meta property=\"og:locale\" content=\"en_US\" \/>\n<meta property=\"og:type\" content=\"article\" \/>\n<meta property=\"og:title\" content=\"Selection process\" \/>\n<meta property=\"og:description\" content=\"How does the talent selection process work at Scallent? Find out all about it here and apply or find the talent you are looking for.\" \/>\n<meta property=\"og:url\" content=\"https:\/\/scallent.com\/en\/selection-process\/\" \/>\n<meta property=\"og:site_name\" content=\"SCALLENT - Top Talent Freelancers\" \/>\n<meta property=\"article:publisher\" content=\"https:\/\/www.facebook.com\/scallent\/\" \/>\n<meta property=\"article:modified_time\" content=\"2022-02-19T22:09:26+00:00\" \/>\n<meta property=\"og:image\" content=\"https:\/\/scallent.com\/wp-content\/uploads\/2022\/02\/SCALLENT-CAMPANHA-GOLIVE1.jpg\" \/>\n\t<meta property=\"og:image:width\" content=\"1920\" \/>\n\t<meta property=\"og:image:height\" content=\"1080\" \/>\n\t<meta property=\"og:image:type\" content=\"image\/jpeg\" \/>\n<meta name=\"twitter:card\" content=\"summary_large_image\" \/>\n<meta name=\"twitter:site\" content=\"@scallent\" \/>\n<meta name=\"twitter:label1\" content=\"Est. reading time\" \/>\n\t<meta name=\"twitter:data1\" content=\"3 minutes\" \/>\n<script type=\"application\/ld+json\" class=\"yoast-schema-graph\">{\"@context\":\"https:\\\/\\\/schema.org\",\"@graph\":[{\"@type\":\"WebPage\",\"@id\":\"https:\\\/\\\/scallent.com\\\/en\\\/selection-process\\\/\",\"url\":\"https:\\\/\\\/scallent.com\\\/en\\\/selection-process\\\/\",\"name\":\"Selection process - SCALLENT - Top Talent Freelancers\",\"isPartOf\":{\"@id\":\"https:\\\/\\\/scallent.com\\\/en\\\/#website\"},\"datePublished\":\"2017-12-12T16:06:41+00:00\",\"dateModified\":\"2022-02-19T22:09:26+00:00\",\"description\":\"How does the talent selection process work at Scallent? Find out all about it here and apply or find the talent you are looking for.\",\"breadcrumb\":{\"@id\":\"https:\\\/\\\/scallent.com\\\/en\\\/selection-process\\\/#breadcrumb\"},\"inLanguage\":\"en-US\",\"potentialAction\":[{\"@type\":\"ReadAction\",\"target\":[\"https:\\\/\\\/scallent.com\\\/en\\\/selection-process\\\/\"]}]},{\"@type\":\"BreadcrumbList\",\"@id\":\"https:\\\/\\\/scallent.com\\\/en\\\/selection-process\\\/#breadcrumb\",\"itemListElement\":[{\"@type\":\"ListItem\",\"position\":1,\"name\":\"In\u00edcio\",\"item\":\"https:\\\/\\\/scallent.com\\\/en\\\/home\\\/\"},{\"@type\":\"ListItem\",\"position\":2,\"name\":\"Selection process\"}]},{\"@type\":\"WebSite\",\"@id\":\"https:\\\/\\\/scallent.com\\\/en\\\/#website\",\"url\":\"https:\\\/\\\/scallent.com\\\/en\\\/\",\"name\":\"SCALLENT - Top Talent Freelancers\",\"description\":\"Freelancers Top Talent: developers \\\/ DevOps, designers, marketeers, copywriters\",\"publisher\":{\"@id\":\"https:\\\/\\\/scallent.com\\\/en\\\/#organization\"},\"potentialAction\":[{\"@type\":\"SearchAction\",\"target\":{\"@type\":\"EntryPoint\",\"urlTemplate\":\"https:\\\/\\\/scallent.com\\\/en\\\/?s={search_term_string}\"},\"query-input\":{\"@type\":\"PropertyValueSpecification\",\"valueRequired\":true,\"valueName\":\"search_term_string\"}}],\"inLanguage\":\"en-US\"},{\"@type\":\"Organization\",\"@id\":\"https:\\\/\\\/scallent.com\\\/en\\\/#organization\",\"name\":\"SCALLENT - Human Talent\",\"url\":\"https:\\\/\\\/scallent.com\\\/en\\\/\",\"logo\":{\"@type\":\"ImageObject\",\"inLanguage\":\"en-US\",\"@id\":\"https:\\\/\\\/scallent.com\\\/en\\\/#\\\/schema\\\/logo\\\/image\\\/\",\"url\":\"https:\\\/\\\/scallent.com\\\/wp-content\\\/uploads\\\/2018\\\/01\\\/scallent-logo.png\",\"contentUrl\":\"https:\\\/\\\/scallent.com\\\/wp-content\\\/uploads\\\/2018\\\/01\\\/scallent-logo.png\",\"width\":184,\"height\":45,\"caption\":\"SCALLENT - Human Talent\"},\"image\":{\"@id\":\"https:\\\/\\\/scallent.com\\\/en\\\/#\\\/schema\\\/logo\\\/image\\\/\"},\"sameAs\":[\"https:\\\/\\\/www.facebook.com\\\/scallent\\\/\",\"https:\\\/\\\/x.com\\\/scallent\",\"https:\\\/\\\/www.instagram.com\\\/scallent.pt\",\"https:\\\/\\\/www.linkedin.com\\\/company\\\/scallent\\\/\"]}]}<\/script>\n<!-- \/ Yoast SEO Premium plugin. -->","yoast_head_json":{"title":"Selection process - SCALLENT - Top Talent Freelancers","description":"How does the talent selection process work at Scallent? Find out all about it here and apply or find the talent you are looking for.","robots":{"index":"index","follow":"follow","max-snippet":"max-snippet:-1","max-image-preview":"max-image-preview:large","max-video-preview":"max-video-preview:-1"},"canonical":"https:\/\/scallent.com\/en\/selection-process\/","og_locale":"en_US","og_type":"article","og_title":"Selection process","og_description":"How does the talent selection process work at Scallent? Find out all about it here and apply or find the talent you are looking for.","og_url":"https:\/\/scallent.com\/en\/selection-process\/","og_site_name":"SCALLENT - Top Talent Freelancers","article_publisher":"https:\/\/www.facebook.com\/scallent\/","article_modified_time":"2022-02-19T22:09:26+00:00","og_image":[{"width":1920,"height":1080,"url":"https:\/\/scallent.com\/wp-content\/uploads\/2022\/02\/SCALLENT-CAMPANHA-GOLIVE1.jpg","type":"image\/jpeg"}],"twitter_card":"summary_large_image","twitter_site":"@scallent","twitter_misc":{"Est. reading time":"3 minutes"},"schema":{"@context":"https:\/\/schema.org","@graph":[{"@type":"WebPage","@id":"https:\/\/scallent.com\/en\/selection-process\/","url":"https:\/\/scallent.com\/en\/selection-process\/","name":"Selection process - SCALLENT - Top Talent Freelancers","isPartOf":{"@id":"https:\/\/scallent.com\/en\/#website"},"datePublished":"2017-12-12T16:06:41+00:00","dateModified":"2022-02-19T22:09:26+00:00","description":"How does the talent selection process work at Scallent? Find out all about it here and apply or find the talent you are looking for.","breadcrumb":{"@id":"https:\/\/scallent.com\/en\/selection-process\/#breadcrumb"},"inLanguage":"en-US","potentialAction":[{"@type":"ReadAction","target":["https:\/\/scallent.com\/en\/selection-process\/"]}]},{"@type":"BreadcrumbList","@id":"https:\/\/scallent.com\/en\/selection-process\/#breadcrumb","itemListElement":[{"@type":"ListItem","position":1,"name":"In\u00edcio","item":"https:\/\/scallent.com\/en\/home\/"},{"@type":"ListItem","position":2,"name":"Selection process"}]},{"@type":"WebSite","@id":"https:\/\/scallent.com\/en\/#website","url":"https:\/\/scallent.com\/en\/","name":"SCALLENT - Top Talent Freelancers","description":"Freelancers Top Talent: developers \/ DevOps, designers, marketeers, copywriters","publisher":{"@id":"https:\/\/scallent.com\/en\/#organization"},"potentialAction":[{"@type":"SearchAction","target":{"@type":"EntryPoint","urlTemplate":"https:\/\/scallent.com\/en\/?s={search_term_string}"},"query-input":{"@type":"PropertyValueSpecification","valueRequired":true,"valueName":"search_term_string"}}],"inLanguage":"en-US"},{"@type":"Organization","@id":"https:\/\/scallent.com\/en\/#organization","name":"SCALLENT - Human Talent","url":"https:\/\/scallent.com\/en\/","logo":{"@type":"ImageObject","inLanguage":"en-US","@id":"https:\/\/scallent.com\/en\/#\/schema\/logo\/image\/","url":"https:\/\/scallent.com\/wp-content\/uploads\/2018\/01\/scallent-logo.png","contentUrl":"https:\/\/scallent.com\/wp-content\/uploads\/2018\/01\/scallent-logo.png","width":184,"height":45,"caption":"SCALLENT - Human Talent"},"image":{"@id":"https:\/\/scallent.com\/en\/#\/schema\/logo\/image\/"},"sameAs":["https:\/\/www.facebook.com\/scallent\/","https:\/\/x.com\/scallent","https:\/\/www.instagram.com\/scallent.pt","https:\/\/www.linkedin.com\/company\/scallent\/"]}]}},"_links":{"self":[{"href":"https:\/\/scallent.com\/en\/wp-json\/wp\/v2\/pages\/2992","targetHints":{"allow":["GET"]}}],"collection":[{"href":"https:\/\/scallent.com\/en\/wp-json\/wp\/v2\/pages"}],"about":[{"href":"https:\/\/scallent.com\/en\/wp-json\/wp\/v2\/types\/page"}],"author":[{"embeddable":true,"href":"https:\/\/scallent.com\/en\/wp-json\/wp\/v2\/users\/1"}],"replies":[{"embeddable":true,"href":"https:\/\/scallent.com\/en\/wp-json\/wp\/v2\/comments?post=2992"}],"version-history":[{"count":5,"href":"https:\/\/scallent.com\/en\/wp-json\/wp\/v2\/pages\/2992\/revisions"}],"predecessor-version":[{"id":6522,"href":"https:\/\/scallent.com\/en\/wp-json\/wp\/v2\/pages\/2992\/revisions\/6522"}],"wp:attachment":[{"href":"https:\/\/scallent.com\/en\/wp-json\/wp\/v2\/media?parent=2992"}],"curies":[{"name":"wp","href":"https:\/\/api.w.org\/{rel}","templated":true}]}}